{"id":1582,"date":"2022-01-02T18:09:22","date_gmt":"2022-01-02T18:09:22","guid":{"rendered":"https:\/\/www.vezelay-glycines.com\/hotel-les-glycines"},"modified":"2022-04-16T07:40:01","modified_gmt":"2022-04-16T07:40:01","slug":"hotel-les-glycines","status":"publish","type":"page","link":"https:\/\/www.vezelay-glycines.com\/de\/hotel-les-glycines","title":{"rendered":"DAS HOTEL LES GLYCINES"},"content":{"rendered":"<p><div class=\"fusion-fullwidth fullwidth-box fusion-builder-row-1 fusion-flex-container hundred-percent-fullwidth non-hundred-percent-height-scrolling\" style=\"--awb-border-radius-top-left:0px;--awb-border-radius-top-right:0px;--awb-border-radius-bottom-right:0px;--awb-border-radius-bottom-left:0px;--awb-overflow:visible;\" ><div class=\"fusion-builder-row fusion-row fusion-flex-align-items-flex-start\" style=\"width:104% !important;max-width:104% !important;margin-left: calc(-4% \/ 2 );margin-right: calc(-4% \/ 2 );\"><div class=\"fusion-layout-column fusion_builder_column fusion-builder-column-0 fusion_builder_column_1_1 1_1 fusion-flex-column\" style=\"--awb-bg-size:cover;--awb-width-large:100%;--awb-margin-top-large:0px;--awb-spacing-right-large:2.88%;--awb-margin-bottom-large:20px;--awb-spacing-left-large:1.92%;--awb-width-medium:100%;--awb-spacing-right-medium:2.88%;--awb-spacing-left-medium:1.92%;--awb-width-small:100%;--awb-spacing-right-small:1.92%;--awb-spacing-left-small:1.92%;\"><div class=\"fusion-column-wrapper fusion-flex-justify-content-flex-start fusion-content-layout-column\"><div class=\"fusion-text fusion-text-1\" style=\"--awb-content-alignment:left;\"><h1 style=\"text-align: left;\">Das H\u00f4tel Les Glycines in V\u00e9zelay<\/h1>\n<\/div><\/div><\/div><div class=\"fusion-layout-column fusion_builder_column fusion-builder-column-1 fusion_builder_column_1_1 1_1 fusion-flex-column fusion-flex-align-self-flex-start fusion-column-no-min-height\" style=\"--awb-bg-size:cover;--awb-width-large:100%;--awb-margin-top-large:0px;--awb-spacing-right-large:1.92%;--awb-margin-bottom-large:0px;--awb-spacing-left-large:1.92%;--awb-width-medium:100%;--awb-spacing-right-medium:1.92%;--awb-spacing-left-medium:1.92%;--awb-width-small:100%;--awb-spacing-right-small:1.92%;--awb-spacing-left-small:1.92%;\"><div class=\"fusion-column-wrapper fusion-flex-justify-content-flex-start fusion-content-layout-column\"><div class=\"fusion-separator fusion-full-width-sep\" style=\"align-self: center;margin-left: auto;margin-right: auto;margin-bottom:30px;width:100%;\"><div class=\"fusion-separator-border sep-single sep-solid\" style=\"--awb-height:20px;--awb-amount:20px;--awb-sep-color:#c2c0c1;border-color:#c2c0c1;border-top-width:1px;\"><\/div><\/div><\/div><\/div><\/div><\/div><div class=\"fusion-fullwidth fullwidth-box fusion-builder-row-2 fusion-flex-container hundred-percent-fullwidth non-hundred-percent-height-scrolling\" style=\"--awb-border-radius-top-left:0px;--awb-border-radius-top-right:0px;--awb-border-radius-bottom-right:0px;--awb-border-radius-bottom-left:0px;--awb-overflow:visible;\" ><div class=\"fusion-builder-row fusion-row fusion-flex-align-items-stretch\" style=\"width:104% !important;max-width:104% !important;margin-left: calc(-4% \/ 2 );margin-right: calc(-4% \/ 2 );\"><div class=\"fusion-layout-column fusion_builder_column fusion-builder-column-2 fusion_builder_column_1_2 1_2 fusion-flex-column fusion-flex-align-self-stretch\" style=\"--awb-bg-color:#f7f7f7;--awb-bg-color-hover:#f7f7f7;--awb-bg-size:cover;--awb-border-color:#f7f7f7;--awb-border-top:10px;--awb-border-right:10px;--awb-border-bottom:10px;--awb-border-left:10px;--awb-border-style:solid;--awb-width-large:50%;--awb-margin-top-large:0px;--awb-spacing-right-large:3.84%;--awb-margin-bottom-large:20px;--awb-spacing-left-large:3.84%;--awb-width-medium:50%;--awb-order-medium:0;--awb-spacing-right-medium:3.84%;--awb-spacing-left-medium:3.84%;--awb-width-small:100%;--awb-order-small:0;--awb-spacing-right-small:1.92%;--awb-spacing-left-small:1.92%;\"><div class=\"fusion-column-wrapper fusion-column-has-shadow fusion-flex-justify-content-flex-start fusion-content-layout-column\">\n<div class=\"fusion-slider-revolution rev_slider_wrapper\">\t\t\t<!-- START MiniGlycines REVOLUTION SLIDER 6.5.11 --><p class=\"rs-p-wp-fix\"><\/p>\n\t\t\t<rs-module-wrap id=\"rev_slider_4_1_wrapper\" data-source=\"gallery\" style=\"visibility:hidden;background:transparent;padding:0;margin:0px auto;margin-top:0;margin-bottom:0;max-width:;\">\n\t\t\t\t<rs-module id=\"rev_slider_4_1\" style=\"\" data-version=\"6.5.11\">\n\t\t\t\t\t<rs-slides>\n\t\t\t\t\t\t<rs-slide style=\"position: absolute;\" data-key=\"rs-30\" data-title=\"Slide\" data-in=\"o:0;\" data-out=\"a:false;\">\n\t\t\t\t\t\t\t<img decoding=\"async\" src=\"\/\/www.vezelay-glycines.com\/wp-content\/plugins\/revslider\/public\/assets\/assets\/dummy.png\" title=\"hotel-vezelay-hotel-les-glycines-chambre-101-3070\" width=\"1240\" height=\"600\" class=\"rev-slidebg tp-rs-img rs-lazyload\" data-lazyload=\"\/\/www.vezelay-glycines.com\/wp-content\/uploads\/2022\/03\/hotel-vezelay-hotel-les-glycines-chambre-101-3070.jpg\" data-parallax=\"off\" data-no-retina>\n<!---->\t\t\t\t\t\t<\/rs-slide>\n\t\t\t\t\t\t<rs-slide style=\"position: absolute;\" data-key=\"rs-32\" data-title=\"Slide\" data-in=\"o:0;\" data-out=\"a:false;\">\n\t\t\t\t\t\t\t<img decoding=\"async\" src=\"\/\/www.vezelay-glycines.com\/wp-content\/plugins\/revslider\/public\/assets\/assets\/dummy.png\" title=\"hotel-vezelay-hotel-les-glycines-salon-3242\" width=\"1240\" height=\"600\" class=\"rev-slidebg tp-rs-img rs-lazyload\" data-lazyload=\"\/\/www.vezelay-glycines.com\/wp-content\/uploads\/2022\/03\/hotel-vezelay-hotel-les-glycines-salon-3242.jpg\" data-parallax=\"off\" data-no-retina>\n<!---->\t\t\t\t\t\t<\/rs-slide>\n\t\t\t\t\t\t<rs-slide style=\"position: absolute;\" data-key=\"rs-118\" data-title=\"Slide\" data-in=\"o:0;\" data-out=\"a:false;\">\n\t\t\t\t\t\t\t<img decoding=\"async\" src=\"\/\/www.vezelay-glycines.com\/wp-content\/plugins\/revslider\/public\/assets\/assets\/dummy.png\" title=\"Hotel Les Glycines Vezelay COMME CHEZ VOUS Noel\" width=\"960\" height=\"480\" class=\"rev-slidebg tp-rs-img rs-lazyload\" data-lazyload=\"\/\/www.vezelay-glycines.com\/wp-content\/uploads\/2025\/03\/Hotel-Les-Glycines-Vezelay-COMME-CHEZ-VOUS-Noel.jpg\" data-parallax=\"off\" data-no-retina>\n<!---->\t\t\t\t\t\t<\/rs-slide>\n\t\t\t\t\t<\/rs-slides>\n\t\t\t\t<\/rs-module>\n\t\t\t\t<script type=\"text\/javascript\">\n\t\t\t\t\tsetREVStartSize({c: 'rev_slider_4_1',rl:[1240,1024,778,480],el:[600,500,400,300],gw:[1240,1024,778,480],gh:[600,500,400,300],type:'standard',justify:'',layout:'fullwidth',mh:\"0\"});if (window.RS_MODULES!==undefined && window.RS_MODULES.modules!==undefined && window.RS_MODULES.modules[\"revslider41\"]!==undefined) {window.RS_MODULES.modules[\"revslider41\"].once = false;window.revapi4 = undefined;if (window.RS_MODULES.checkMinimal!==undefined) window.RS_MODULES.checkMinimal()}\n\t\t\t\t<\/script>\n\t\t\t<\/rs-module-wrap>\n\t\t\t<!-- END REVOLUTION SLIDER -->\n<\/div><div class=\"fusion-separator fusion-full-width-sep\" style=\"align-self: center;margin-left: auto;margin-right: auto;margin-top:20px;width:100%;\"><\/div><div class=\"fusion-text fusion-text-2\"><h2>Ein ehemaliges Herrenhaus aus dem 18. Jahrhundert<\/h2>\n<\/div><div class=\"fusion-text fusion-text-3\"><p class=\"intro-msg\">Das H\u00f4tel Les Glycines liegt strategisch g\u00fcnstig an der Hauptstra\u00dfe von V\u00e9zelay und 100 m von der Basilika Sainte-Marie-Madeleine de V\u00e9zelay entfernt. Es ist der ideale Ort f\u00fcr ein Wochenende oder einen Aufenthalt zu zweit, mit Familie oder mit Freunden. Dieses im April 2016 vollst\u00e4ndig renovierte ehemalige Herrenhaus in V\u00e9zelay hat sich die Atmosph\u00e4re eines <em>gro\u00dfen Familiensitzes bewahrt<\/em>: seine K\u00fcche, seine Flure, seine breite Treppe, seine unz\u00e4hligen Fenster mit Blick auf die atemberaubende Landschaft, sein Empfangsraum und seine zahlreichen, \u00fcber zwei Etagen verteilten G\u00e4stezimmer &#8230; Sie tauchen ein in eine stille, gr\u00fcne Oase, wo Sie die Sch\u00f6nheit der Natur und Architektur mit ihrer Jahrtausende alten, regenerierenden Kraft ergreifen wird.<\/p>\n<\/div><\/div><\/div><div class=\"fusion-layout-column fusion_builder_column fusion-builder-column-3 fusion_builder_column_1_2 1_2 fusion-flex-column fusion-flex-align-self-stretch\" style=\"--awb-bg-color:#f7f7f7;--awb-bg-color-hover:#f7f7f7;--awb-bg-size:cover;--awb-border-color:#f7f7f7;--awb-border-top:10px;--awb-border-right:10px;--awb-border-bottom:10px;--awb-border-left:10px;--awb-border-style:solid;--awb-width-large:50%;--awb-margin-top-large:0px;--awb-spacing-right-large:3.84%;--awb-margin-bottom-large:20px;--awb-spacing-left-large:3.84%;--awb-width-medium:50%;--awb-order-medium:0;--awb-spacing-right-medium:3.84%;--awb-spacing-left-medium:3.84%;--awb-width-small:100%;--awb-order-small:0;--awb-spacing-right-small:1.92%;--awb-spacing-left-small:1.92%;\"><div class=\"fusion-column-wrapper fusion-column-has-shadow fusion-flex-justify-content-flex-start fusion-content-layout-column\">\n<div class=\"fusion-slider-revolution rev_slider_wrapper\">\t\t\t<!-- START MinichambresGlycines REVOLUTION SLIDER 6.5.11 --><p class=\"rs-p-wp-fix\"><\/p>\n\t\t\t<rs-module-wrap id=\"rev_slider_3_2_wrapper\" data-source=\"gallery\" style=\"visibility:hidden;background:transparent;padding:0;margin:0px auto;margin-top:0;margin-bottom:0;max-width:;\">\n\t\t\t\t<rs-module id=\"rev_slider_3_2\" style=\"\" data-version=\"6.5.11\">\n\t\t\t\t\t<rs-slides>\n\t\t\t\t\t\t<rs-slide style=\"position: absolute;\" data-key=\"rs-116\" data-title=\"Slide\" data-in=\"o:0;\" data-out=\"a:false;\">\n\t\t\t\t\t\t\t<img decoding=\"async\" src=\"\/\/www.vezelay-glycines.com\/wp-content\/plugins\/revslider\/public\/assets\/assets\/dummy.png\" title=\"Hotel Les Glycines a Vezelay-Chambre 104\" width=\"2048\" height=\"1536\" class=\"rev-slidebg tp-rs-img rs-lazyload\" data-lazyload=\"\/\/www.vezelay-glycines.com\/wp-content\/uploads\/2025\/03\/Hotel-Les-Glycines-a-Vezelay-Chambre-104.jpg\" data-parallax=\"off\" data-no-retina>\n<!---->\t\t\t\t\t\t<\/rs-slide>\n\t\t\t\t\t\t<rs-slide style=\"position: absolute;\" data-key=\"rs-117\" data-title=\"Slide\" data-in=\"o:0;\" data-out=\"a:false;\">\n\t\t\t\t\t\t\t<img decoding=\"async\" src=\"\/\/www.vezelay-glycines.com\/wp-content\/plugins\/revslider\/public\/assets\/assets\/dummy.png\" title=\"Hotel Les Glycines Vezelay Chambre 102 ZERVOS 2\" width=\"1600\" height=\"1063\" class=\"rev-slidebg tp-rs-img rs-lazyload\" data-lazyload=\"\/\/www.vezelay-glycines.com\/wp-content\/uploads\/2025\/03\/Hotel-Les-Glycines-Vezelay-Chambre-102-ZERVOS-2.jpg\" data-parallax=\"off\" data-no-retina>\n<!---->\t\t\t\t\t\t<\/rs-slide>\n\t\t\t\t\t\t<rs-slide style=\"position: absolute;\" data-key=\"rs-16\" data-title=\"Slide\" data-in=\"o:0;\" data-out=\"a:false;\">\n\t\t\t\t\t\t\t<img decoding=\"async\" src=\"\/\/www.vezelay-glycines.com\/wp-content\/plugins\/revslider\/public\/assets\/assets\/dummy.png\" title=\"hotel-vezelay-hotel-les-glycines-chambre-202-2799\" width=\"1600\" height=\"1063\" class=\"rev-slidebg tp-rs-img rs-lazyload\" data-lazyload=\"\/\/www.vezelay-glycines.com\/wp-content\/uploads\/2022\/02\/hotel-vezelay-hotel-les-glycines-chambre-202-2799.jpg\" data-parallax=\"off\" data-no-retina>\n<!---->\t\t\t\t\t\t<\/rs-slide>\n\t\t\t\t\t<\/rs-slides>\n\t\t\t\t<\/rs-module>\n\t\t\t\t<script type=\"text\/javascript\">\n\t\t\t\t\tsetREVStartSize({c: 'rev_slider_3_2',rl:[1240,1024,778,480],el:[600,500,400,300],gw:[1240,1024,778,480],gh:[600,500,400,300],type:'standard',justify:'',layout:'fullwidth',mh:\"0\"});if (window.RS_MODULES!==undefined && window.RS_MODULES.modules!==undefined && window.RS_MODULES.modules[\"revslider32\"]!==undefined) {window.RS_MODULES.modules[\"revslider32\"].once = false;window.revapi3 = undefined;if (window.RS_MODULES.checkMinimal!==undefined) window.RS_MODULES.checkMinimal()}\n\t\t\t\t<\/script>\n\t\t\t<\/rs-module-wrap>\n\t\t\t<!-- END REVOLUTION SLIDER -->\n<\/div><div class=\"fusion-separator fusion-full-width-sep\" style=\"align-self: center;margin-left: auto;margin-right: auto;margin-top:20px;width:100%;\"><\/div><div class=\"fusion-text fusion-text-4\"><h2>Moderne Zimmer im Geiste des Alten<\/h2>\n<\/div><div class=\"fusion-text fusion-text-5\"><p>Das H\u00f4tel Les Glycines in V\u00e9zelay bietet charmante und komfortable Zimmer mit unterschiedlicher Ausstattung, alle mit TV, kostenlosem W-LAN, modernem Badezimmer, Designer- oder Neoklassik-M\u00f6beln und hochwertigem Bett.<br \/>\nJedes Zimmer verf\u00fcgt \u00fcber Fenster mit Blick auf die G\u00e4rten, die Terrassen, die umliegenden Weinberge, den Himmel \u00fcber V\u00e9zelay oder auf die imposante Basilika Sainte-Marie-Madeleine.<br \/>\nSehen Sie sich die Fotos des Speisesaales (Fr\u00fchst\u00fccksraumes), der Lounge, der romantischen, von der uralten Glyzinie \u00fcberwachsenen Terrasse sowie der G\u00e4stezimmer unseres Hotels an.<\/p>\n<\/div><div style=\"text-align:right;\"><a class=\"fusion-button button-flat fusion-button-default-size button-custom fusion-button-default button-1 fusion-button-default-span fusion-button-default-type\" style=\"--button_accent_color:#ffffff;--button_accent_hover_color:#ffffff;--button_border_hover_color:#ffffff;--button_gradient_top_color:#d250ee;--button_gradient_bottom_color:#d250ee;--button_gradient_top_color_hover:#c92aed;--button_gradient_bottom_color_hover:#c92aed;\" target=\"_self\" href=\"https:\/\/www.vezelay-glycines.com\/de\/unsere-gaestezimmer\"><span class=\"fusion-button-text\">Sehen sie unsere Zimmer<\/span><i class=\"fa-bed fas button-icon-right\" aria-hidden=\"true\"><\/i><\/a><\/div>\n<\/div><\/div><\/div><\/div><\/p>\n","protected":false},"excerpt":{"rendered":"","protected":false},"author":1,"featured_media":0,"parent":0,"menu_order":0,"comment_status":"closed","ping_status":"closed","template":"","meta":{"footnotes":""},"class_list":["post-1582","page","type-page","status-publish","hentry"],"_links":{"self":[{"href":"https:\/\/www.vezelay-glycines.com\/de\/wp-json\/wp\/v2\/pages\/1582","targetHints":{"allow":["GET"]}}],"collection":[{"href":"https:\/\/www.vezelay-glycines.com\/de\/wp-json\/wp\/v2\/pages"}],"about":[{"href":"https:\/\/www.vezelay-glycines.com\/de\/wp-json\/wp\/v2\/types\/page"}],"author":[{"embeddable":true,"href":"https:\/\/www.vezelay-glycines.com\/de\/wp-json\/wp\/v2\/users\/1"}],"replies":[{"embeddable":true,"href":"https:\/\/www.vezelay-glycines.com\/de\/wp-json\/wp\/v2\/comments?post=1582"}],"version-history":[{"count":4,"href":"https:\/\/www.vezelay-glycines.com\/de\/wp-json\/wp\/v2\/pages\/1582\/revisions"}],"predecessor-version":[{"id":1588,"href":"https:\/\/www.vezelay-glycines.com\/de\/wp-json\/wp\/v2\/pages\/1582\/revisions\/1588"}],"wp:attachment":[{"href":"https:\/\/www.vezelay-glycines.com\/de\/wp-json\/wp\/v2\/media?parent=1582"}],"curies":[{"name":"wp","href":"https:\/\/api.w.org\/{rel}","templated":true}]}}