{"id":1597,"date":"2022-01-02T18:32:27","date_gmt":"2022-01-02T18:32:27","guid":{"rendered":"https:\/\/www.vezelay-glycines.com\/contacter-hotel-les-glycines-vezelay"},"modified":"2023-11-02T15:00:36","modified_gmt":"2023-11-02T15:00:36","slug":"contacter-hotel-les-glycines-vezelay","status":"publish","type":"page","link":"https:\/\/www.vezelay-glycines.com\/de\/contacter-hotel-les-glycines-vezelay","title":{"rendered":"KONTAKT"},"content":{"rendered":"<div class=\"fusion-fullwidth fullwidth-box fusion-builder-row-1 fusion-flex-container nonhundred-percent-fullwidth non-hundred-percent-height-scrolling\" style=\"--awb-background-position:left top;--awb-border-sizes-top:0px;--awb-border-sizes-bottom:0px;--awb-border-sizes-left:0px;--awb-border-sizes-right:0px;--awb-border-radius-top-left:0px;--awb-border-radius-top-right:0px;--awb-border-radius-bottom-right:0px;--awb-border-radius-bottom-left:0px;--awb-padding-top:20px;--awb-padding-bottom:20px;\" ><div class=\"fusion-builder-row fusion-row fusion-flex-align-items-flex-start\" style=\"max-width:1248px;margin-left: calc(-4% \/ 2 );margin-right: calc(-4% \/ 2 );\"><div class=\"fusion-layout-column fusion_builder_column fusion-builder-column-0 fusion_builder_column_1_1 1_1 fusion-flex-column fusion-flex-align-self-flex-start fusion-column-no-min-height\" style=\"--awb-bg-size:cover;--awb-width-large:100%;--awb-margin-top-large:0px;--awb-spacing-right-large:1.92%;--awb-margin-bottom-large:0px;--awb-spacing-left-large:1.92%;--awb-width-medium:100%;--awb-spacing-right-medium:1.92%;--awb-spacing-left-medium:1.92%;--awb-width-small:100%;--awb-spacing-right-small:1.92%;--awb-spacing-left-small:1.92%;\"><div class=\"fusion-column-wrapper fusion-flex-justify-content-flex-start fusion-content-layout-column\"><div class=\"fusion-title title fusion-title-1 fusion-sep-none fusion-title-text fusion-title-size-one\"><h1 class=\"title-heading-left\" style=\"margin:0;\">Kontaktieren Sie das H\u00f4tel Les Glycines<\/h1><\/div><div class=\"fusion-separator fusion-full-width-sep\" style=\"align-self: center;margin-left: auto;margin-right: auto;margin-bottom:30px;width:100%;\"><div class=\"fusion-separator-border sep-single sep-solid\" style=\"--awb-height:20px;--awb-amount:20px;--awb-sep-color:#c2c0c1;border-color:#c2c0c1;border-top-width:1px;\"><\/div><\/div><\/div><\/div><div class=\"fusion-layout-column fusion_builder_column fusion-builder-column-1 fusion_builder_column_1_2 1_2 fusion-flex-column\" style=\"--awb-bg-size:cover;--awb-width-large:50%;--awb-margin-top-large:0px;--awb-spacing-right-large:3.84%;--awb-margin-bottom-large:20px;--awb-spacing-left-large:3.84%;--awb-width-medium:50%;--awb-spacing-right-medium:3.84%;--awb-spacing-left-medium:3.84%;--awb-width-small:100%;--awb-spacing-right-small:1.92%;--awb-spacing-left-small:1.92%;\"><div class=\"fusion-column-wrapper fusion-flex-justify-content-flex-start fusion-content-layout-column\"><div class=\"fusion-title title fusion-title-2 fusion-sep-none fusion-title-text fusion-title-size-three\"><h3 class=\"title-heading-left\" style=\"margin:0;\"><p>Telefoninisch<strong><br \/>\n+33 (0)3 86 47 29 81<br \/>\n<\/strong><span class=\"Y2IQFc\" lang=\"fr\">(von 8:00 bis 12:00 Uhr und von 15:00 bis 20:00 Uhr)<\/span><\/p><\/h3><\/div><div class=\"fusion-separator fusion-full-width-sep\" style=\"align-self: center;margin-left: auto;margin-right: auto;margin-bottom:30px;width:100%;\"><div class=\"fusion-separator-border sep-single sep-solid\" style=\"--awb-height:20px;--awb-amount:20px;--awb-sep-color:#c2c0c1;border-color:#c2c0c1;border-top-width:1px;\"><\/div><\/div><div class=\"fusion-title title fusion-title-3 fusion-sep-none fusion-title-text fusion-title-size-three\"><h3 class=\"title-heading-left\" style=\"margin:0;\"><p>Schriftlich : <span class=\"Y2IQFc\" lang=\"fr\"><br \/>\n<\/span><\/p><\/h3><\/div><div class=\"fusion-text fusion-text-1\"><p>Wenn Sie uns kontaktieren m\u00f6chten, um mehr \u00fcber das H\u00f4tel Les Glycines oder Details zu den Zimmern zu erfahren, senden Sie uns bitte eine Nachricht \u00fcber das Formular unten. Wir werden Ihnen so schnell wie m\u00f6glich antworten.<\/p>\n<\/div><div class=\"fusion-separator fusion-full-width-sep\" style=\"align-self: center;margin-left: auto;margin-right: auto;margin-top:20px;width:100%;\"><\/div>\n<div class=\"wpcf7 no-js\" id=\"wpcf7-f1771-o1\" lang=\"fr-FR\" dir=\"ltr\" data-wpcf7-id=\"1771\">\n<div class=\"screen-reader-response\"><p role=\"status\" aria-live=\"polite\" aria-atomic=\"true\"><\/p> <ul><\/ul><\/div>\n<form action=\"\/de\/wp-json\/wp\/v2\/pages\/1597#wpcf7-f1771-o1\" method=\"post\" class=\"wpcf7-form init\" aria-label=\"Contact form\" novalidate=\"novalidate\" data-status=\"init\">\n<fieldset class=\"hidden-fields-container\"><input type=\"hidden\" name=\"_wpcf7\" value=\"1771\" \/><input type=\"hidden\" name=\"_wpcf7_version\" value=\"6.1.5\" \/><input type=\"hidden\" name=\"_wpcf7_locale\" value=\"fr_FR\" \/><input type=\"hidden\" name=\"_wpcf7_unit_tag\" value=\"wpcf7-f1771-o1\" \/><input type=\"hidden\" name=\"_wpcf7_container_post\" value=\"0\" \/><input type=\"hidden\" name=\"_wpcf7_posted_data_hash\" value=\"\" \/><input type=\"hidden\" name=\"_wpcf7_recaptcha_response\" value=\"\" \/>\n<\/fieldset>\n<p>Ihr Vor & Nachname (*)\n<\/p>\n<p><span class=\"wpcf7-form-control-wrap\" data-name=\"your-name\"><input size=\"40\" maxlength=\"400\" class=\"wpcf7-form-control wpcf7-text wpcf7-validates-as-required\" aria-required=\"true\" aria-invalid=\"false\" value=\"\" type=\"text\" name=\"your-name\" \/><\/span>\n<\/p>\n<p>Ihre E-mail (*)\n<\/p>\n<p><span class=\"wpcf7-form-control-wrap\" data-name=\"your-email\"><input size=\"40\" maxlength=\"400\" class=\"wpcf7-form-control wpcf7-email wpcf7-validates-as-required wpcf7-text wpcf7-validates-as-email\" aria-required=\"true\" aria-invalid=\"false\" value=\"\" type=\"email\" name=\"your-email\" \/><\/span>\n<\/p>\n<p>Betreff\n<\/p>\n<p><span class=\"wpcf7-form-control-wrap\" data-name=\"your-subject\"><input size=\"40\" maxlength=\"400\" class=\"wpcf7-form-control wpcf7-text\" aria-invalid=\"false\" value=\"\" type=\"text\" name=\"your-subject\" \/><\/span>\n<\/p>\n<p>Ihre Nachricht\n<\/p>\n<p><span class=\"wpcf7-form-control-wrap\" data-name=\"your-message\"><textarea cols=\"40\" rows=\"10\" maxlength=\"2000\" class=\"wpcf7-form-control wpcf7-textarea\" aria-invalid=\"false\" name=\"your-message\"><\/textarea><\/span>\n<\/p>\n<p><span id=\"wpcf7-69f85c6bcbba2-wrapper\" class=\"wpcf7-form-control-wrap email-740-wrap\" style=\"display:none !important; visibility:hidden !important;\"><input type=\"hidden\" name=\"email-740-time-start\" value=\"1777884267\"><input type=\"hidden\" name=\"email-740-time-check\" value=\"4\"><label for=\"wpcf7-69f85c6bcbba2-field\" class=\"hp-message\">Please leave this field empty.<\/label><input id=\"wpcf7-69f85c6bcbba2-field\"  class=\"wpcf7-form-control wpcf7-text\" type=\"text\" name=\"email-740\" value=\"\" size=\"40\" tabindex=\"-1\" autocomplete=\"off\" \/><\/span><br \/>\n<span class=\"wpcf7-form-control-wrap recaptcha\" data-name=\"recaptcha\"><span data-sitekey=\"6LftgK0eAAAAAK7W5hNpUzeayNo3EOFhvzI99duU\" class=\"wpcf7-form-control wpcf7-recaptcha g-recaptcha\"><\/span>\r\n<noscript>\r\n\t<div class=\"grecaptcha-noscript\">\r\n\t\t<iframe src=\"https:\/\/www.google.com\/recaptcha\/api\/fallback?k=6LftgK0eAAAAAK7W5hNpUzeayNo3EOFhvzI99duU\" frameborder=\"0\" scrolling=\"no\" width=\"310\" height=\"430\">\r\n\t\t<\/iframe>\r\n\t\t<textarea name=\"g-recaptcha-response\" rows=\"3\" cols=\"40\" placeholder=\"reCaptcha Response Here\">\r\n\t\t<\/textarea>\r\n\t<\/div>\r\n<\/noscript>\r\n<\/span>\n<\/p>\n<p><input class=\"wpcf7-form-control wpcf7-submit has-spinner\" type=\"submit\" value=\"Senden\" \/>\n<\/p><input type='hidden' class='wpcf7-pum' value='{\"closepopup\":false,\"closedelay\":0,\"openpopup\":false,\"openpopup_id\":0}' \/><div class=\"fusion-alert alert custom alert-custom fusion-alert-center wpcf7-response-output alert-dismissable\" style=\"--awb-border-size:1px;\" role=\"alert\"><div class=\"fusion-alert-content-wrapper\"><span class=\"fusion-alert-content\"><\/span><\/div><button type=\"button\" class=\"close toggle-alert\" data-dismiss=\"alert\" aria-label=\"Close\">&times;<\/button><\/div>\n<\/form>\n<\/div>\n<\/div><\/div><div class=\"fusion-layout-column fusion_builder_column fusion-builder-column-2 fusion_builder_column_1_2 1_2 fusion-flex-column\" style=\"--awb-bg-size:cover;--awb-width-large:50%;--awb-margin-top-large:0px;--awb-spacing-right-large:3.84%;--awb-margin-bottom-large:20px;--awb-spacing-left-large:3.84%;--awb-width-medium:50%;--awb-spacing-right-medium:3.84%;--awb-spacing-left-medium:3.84%;--awb-width-small:100%;--awb-spacing-right-small:1.92%;--awb-spacing-left-small:1.92%;\"><div class=\"fusion-column-wrapper fusion-flex-justify-content-flex-start fusion-content-layout-column\"><div class=\"fusion-title title fusion-title-4 fusion-sep-none fusion-title-text fusion-title-size-three\"><h3 class=\"title-heading-left\" style=\"margin:0;\"><p>H\u00f4tel Les Glycines<br \/>\n33 rue Saint-Pierre<br \/>\n89450 V\u00e9zelay &#8211; France<\/p><\/h3><\/div><div class=\"fusion-separator fusion-full-width-sep\" style=\"align-self: center;margin-left: auto;margin-right: auto;margin-bottom:30px;width:100%;\"><div class=\"fusion-separator-border sep-single sep-solid\" style=\"--awb-height:20px;--awb-amount:20px;--awb-sep-color:#c2c0c1;border-color:#c2c0c1;border-top-width:1px;\"><\/div><\/div><iframe src=\"https:\/\/www.google.com\/maps\/embed?pb=!1m14!1m8!1m3!1d1348.613421180504!2d3.7462891033182237!3d47.46600881794675!3m2!1i1024!2i768!4f13.1!3m3!1m2!1s0x0:0xf6c99c72db5c7b1c!2sSY-Les%20Glycines!5e0!3m2!1sfr!2sfr!4v1641148036566!5m2!1sfr!2sfr\" width=\"100%\" height=\"400\" style=\"border:0;\" allowfullscreen=\"\" loading=\"lazy\"><\/iframe><div class=\"fusion-separator fusion-full-width-sep\" style=\"align-self: center;margin-left: auto;margin-right: auto;margin-top:20px;width:100%;\"><\/div><div class=\"fusion-image-element \" style=\"--awb-caption-title-font-family:var(--h2_typography-font-family);--awb-caption-title-font-weight:var(--h2_typography-font-weight);--awb-caption-title-font-style:var(--h2_typography-font-style);--awb-caption-title-size:var(--h2_typography-font-size);--awb-caption-title-transform:var(--h2_typography-text-transform);--awb-caption-title-line-height:var(--h2_typography-line-height);--awb-caption-title-letter-spacing:var(--h2_typography-letter-spacing);\"><span class=\" fusion-imageframe imageframe-none imageframe-1 hover-type-none\" class=\"image-scroll\"><a href=\"https:\/\/www.vezelay-glycines.com\/wp-content\/uploads\/2023\/11\/Glycines-Carte-05.jpg\" class=\"fusion-lightbox\" data-rel=\"iLightbox[3de905c4571b892296e]\" data-title=\"Glycines Carte 05\" title=\"Glycines Carte 05\"><img decoding=\"async\" width=\"1123\" height=\"794\" src=\"https:\/\/www.vezelay-glycines.com\/wp-content\/uploads\/2023\/11\/Glycines-Carte-05.jpg\" alt class=\"img-responsive wp-image-2515\" srcset=\"https:\/\/www.vezelay-glycines.com\/wp-content\/uploads\/2023\/11\/Glycines-Carte-05-200x141.jpg 200w, https:\/\/www.vezelay-glycines.com\/wp-content\/uploads\/2023\/11\/Glycines-Carte-05-400x283.jpg 400w, https:\/\/www.vezelay-glycines.com\/wp-content\/uploads\/2023\/11\/Glycines-Carte-05-600x424.jpg 600w, https:\/\/www.vezelay-glycines.com\/wp-content\/uploads\/2023\/11\/Glycines-Carte-05-800x566.jpg 800w, https:\/\/www.vezelay-glycines.com\/wp-content\/uploads\/2023\/11\/Glycines-Carte-05.jpg 1123w\" sizes=\"(max-width: 640px) 100vw, 600px\" \/><\/a><\/span><\/div><div class=\"fusion-text fusion-text-2\"><p>\u00a9Plan V\u00e9zelay &#8211; Alle Rechte vorbehalten<\/p>\n<\/div><\/div><\/div><\/div><\/div>\n","protected":false},"excerpt":{"rendered":"","protected":false},"author":1,"featured_media":0,"parent":0,"menu_order":0,"comment_status":"closed","ping_status":"closed","template":"","meta":{"footnotes":""},"class_list":["post-1597","page","type-page","status-publish","hentry"],"_links":{"self":[{"href":"https:\/\/www.vezelay-glycines.com\/de\/wp-json\/wp\/v2\/pages\/1597","targetHints":{"allow":["GET"]}}],"collection":[{"href":"https:\/\/www.vezelay-glycines.com\/de\/wp-json\/wp\/v2\/pages"}],"about":[{"href":"https:\/\/www.vezelay-glycines.com\/de\/wp-json\/wp\/v2\/types\/page"}],"author":[{"embeddable":true,"href":"https:\/\/www.vezelay-glycines.com\/de\/wp-json\/wp\/v2\/users\/1"}],"replies":[{"embeddable":true,"href":"https:\/\/www.vezelay-glycines.com\/de\/wp-json\/wp\/v2\/comments?post=1597"}],"version-history":[{"count":7,"href":"https:\/\/www.vezelay-glycines.com\/de\/wp-json\/wp\/v2\/pages\/1597\/revisions"}],"predecessor-version":[{"id":2518,"href":"https:\/\/www.vezelay-glycines.com\/de\/wp-json\/wp\/v2\/pages\/1597\/revisions\/2518"}],"wp:attachment":[{"href":"https:\/\/www.vezelay-glycines.com\/de\/wp-json\/wp\/v2\/media?parent=1597"}],"curies":[{"name":"wp","href":"https:\/\/api.w.org\/{rel}","templated":true}]}}