{"id":1733,"date":"2022-01-02T18:18:38","date_gmt":"2022-01-02T18:18:38","guid":{"rendered":"https:\/\/www.vezelay-glycines.com\/reservations"},"modified":"2024-04-20T12:45:03","modified_gmt":"2024-04-20T12:45:03","slug":"reservierungen","status":"publish","type":"page","link":"https:\/\/www.vezelay-glycines.com\/de\/reservierungen","title":{"rendered":"RESERVIERUNGEN"},"content":{"rendered":"<p><div class=\"fusion-fullwidth fullwidth-box fusion-builder-row-1 fusion-flex-container nonhundred-percent-fullwidth non-hundred-percent-height-scrolling\" style=\"--awb-border-radius-top-left:0px;--awb-border-radius-top-right:0px;--awb-border-radius-bottom-right:0px;--awb-border-radius-bottom-left:0px;\" ><div class=\"fusion-builder-row fusion-row fusion-flex-align-items-flex-start\" style=\"max-width:1248px;margin-left: calc(-4% \/ 2 );margin-right: calc(-4% \/ 2 );\"><div class=\"fusion-layout-column fusion_builder_column fusion-builder-column-0 fusion_builder_column_1_1 1_1 fusion-flex-column\" style=\"--awb-bg-size:cover;--awb-width-large:100%;--awb-margin-top-large:0px;--awb-spacing-right-large:1.92%;--awb-margin-bottom-large:20px;--awb-spacing-left-large:1.92%;--awb-width-medium:100%;--awb-order-medium:0;--awb-spacing-right-medium:1.92%;--awb-spacing-left-medium:1.92%;--awb-width-small:100%;--awb-order-small:0;--awb-spacing-right-small:1.92%;--awb-spacing-left-small:1.92%;\"><div class=\"fusion-column-wrapper fusion-column-has-shadow fusion-flex-justify-content-flex-start fusion-content-layout-column\"><div class=\"fusion-title title fusion-title-1 fusion-sep-none fusion-title-text fusion-title-size-one\"><h1 class=\"title-heading-left\" style=\"margin:0;\">Verf\u00fcgbarkeit, Preise und Reservierungen<\/h1><\/div><\/div><\/div><\/div><\/div><div class=\"fusion-fullwidth fullwidth-box fusion-builder-row-2 fusion-flex-container hundred-percent-fullwidth non-hundred-percent-height-scrolling\" style=\"--awb-border-radius-top-left:0px;--awb-border-radius-top-right:0px;--awb-border-radius-bottom-right:0px;--awb-border-radius-bottom-left:0px;--awb-overflow:visible;\" ><div class=\"fusion-builder-row fusion-row fusion-flex-align-items-flex-start\" style=\"width:104% !important;max-width:104% !important;margin-left: calc(-4% \/ 2 );margin-right: calc(-4% \/ 2 );\"><div class=\"fusion-layout-column fusion_builder_column fusion-builder-column-1 fusion_builder_column_1_1 1_1 fusion-flex-column\" style=\"--awb-bg-size:cover;--awb-width-large:100%;--awb-margin-top-large:0px;--awb-spacing-right-large:1.92%;--awb-margin-bottom-large:20px;--awb-spacing-left-large:1.92%;--awb-width-medium:100%;--awb-spacing-right-medium:1.92%;--awb-spacing-left-medium:1.92%;--awb-width-small:100%;--awb-spacing-right-small:1.92%;--awb-spacing-left-small:1.92%;\"><div class=\"fusion-column-wrapper fusion-flex-justify-content-flex-start fusion-content-layout-column\"><div class=\"fusion-text fusion-text-1\"><h2 style=\"text-align: left;\"><strong><span style=\"color: #ae6aca;\">Buchen Sie direkt bei uns und profitieren Sie von unseren Vorteilen\u00a0<\/span> <\/strong><\/h2>\n<p>Die angezeigten Preise werden direkt mit einem Rabatt von 5 % angeboten, wenn Sie direkt \u00fcber unsere Website <a href=\"https:\/\/www.vezelay-glycines.com\">www.vezelay-glycines.com<\/a> buchen. Dies sind die besten Tarife, die Sie finden k\u00f6nnen.<br \/>\nDie Stornierungsbedingungen sind flexibler, wenn Sie direkt \u00fcber <a href=\"mailto:reservations@vezelay-glycines.com\">reservations@vezelay-glycines.com<\/a> buchen: Sie k\u00f6nnen bis 19:00 urh am tag vor ihrer ankunft stornieren.<\/p>\n<p>Unser fr\u00fchst\u00fcck servieren vir von 7.30 uhr bis 10.00 uhr zum preis von 19\u20ac pro person.<\/p>\n<\/div><div class=\"fusion-text fusion-text-2\"><h2 style=\"text-align: center;\"><strong><span style=\"color: #d250ee;\">Das H\u00f4tel Les Glycines : +33 (0)3 86 47 29 81<\/span><br \/>\n<span style=\"color: #d250ee;\">E-mail : reservations@vezelay-glycines.com<\/span><span style=\"color: #ae6aca;\"><br \/>\n<\/span><\/strong><\/h2>\n<\/div><\/div><\/div><\/div><\/div><div class=\"fusion-fullwidth fullwidth-box fusion-builder-row-3 fusion-flex-container hundred-percent-fullwidth non-hundred-percent-height-scrolling\" style=\"--awb-border-radius-top-left:0px;--awb-border-radius-top-right:0px;--awb-border-radius-bottom-right:0px;--awb-border-radius-bottom-left:0px;--awb-overflow:visible;\" ><div class=\"fusion-builder-row fusion-row fusion-flex-align-items-flex-start\" style=\"width:104% !important;max-width:104% !important;margin-left: calc(-4% \/ 2 );margin-right: calc(-4% \/ 2 );\"><div class=\"fusion-layout-column fusion_builder_column fusion-builder-column-2 fusion_builder_column_1_1 1_1 fusion-flex-column\" style=\"--awb-bg-color:#f7f7f7;--awb-bg-color-hover:#f7f7f7;--awb-bg-size:cover;--awb-border-color:#f7f7f7;--awb-border-top:10px;--awb-border-right:10px;--awb-border-bottom:10px;--awb-border-left:10px;--awb-border-style:solid;--awb-width-large:100%;--awb-margin-top-large:0px;--awb-spacing-right-large:1.92%;--awb-margin-bottom-large:0px;--awb-spacing-left-large:1.92%;--awb-width-medium:100%;--awb-spacing-right-medium:1.92%;--awb-spacing-left-medium:1.92%;--awb-width-small:100%;--awb-spacing-right-small:1.92%;--awb-spacing-left-small:1.92%;\"><div class=\"fusion-column-wrapper fusion-flex-justify-content-flex-start fusion-content-layout-column\"><div class=\"fusion-text fusion-text-3\"><h2 style=\"text-align: left;\"><strong>Oder buchen Sie \u00fcber unsere Buchungsplattform. Wie es funktioniert ?\u00a0<\/strong><\/h2>\n<\/div><div class=\"fusion-separator fusion-full-width-sep\" style=\"align-self: center;margin-left: auto;margin-right: auto;margin-top:20px;width:100%;\"><\/div><div style=\"text-align:center;\"><a class=\"fusion-button button-flat fusion-button-default-size button-custom fusion-button-default button-1 fusion-button-default-span fusion-button-default-type\" style=\"--button_accent_color:#ffffff;--button_accent_hover_color:#ffffff;--button_border_hover_color:#ffffff;--button_gradient_top_color:#d250ee;--button_gradient_bottom_color:#d250ee;--button_gradient_top_color_hover:#88529e;--button_gradient_bottom_color_hover:#88529e;\" target=\"_self\" href=\"https:\/\/syglycines.thais-hotel.com\/hotel\/website\/reservations.php\"><span class=\"fusion-button-text\">RESERVIEREN<\/span><\/a><\/div><div class=\"fusion-separator fusion-full-width-sep\" style=\"align-self: center;margin-left: auto;margin-right: auto;margin-top:30px;margin-bottom:30px;width:100%;\"><\/div><div class=\"fusion-image-element \" style=\"text-align:center;--awb-caption-title-font-family:var(--h2_typography-font-family);--awb-caption-title-font-weight:var(--h2_typography-font-weight);--awb-caption-title-font-style:var(--h2_typography-font-style);--awb-caption-title-size:var(--h2_typography-font-size);--awb-caption-title-transform:var(--h2_typography-text-transform);--awb-caption-title-line-height:var(--h2_typography-line-height);--awb-caption-title-letter-spacing:var(--h2_typography-letter-spacing);\"><span class=\" fusion-imageframe imageframe-none imageframe-1 hover-type-none\" class=\"image-scroll\"><a href=\"http:\/\/glycines.mnpreprod.com\/wp-content\/uploads\/2022\/02\/Reservations-Hotel-les-Glycines-Vezelay-01.jpg\" class=\"fusion-lightbox\" data-rel=\"iLightbox[bdb9f78d0ea2583a8fa]\" data-title=\"R\u00e9servations Hotel les Glycines-V\u00e9zelay-01\" title=\"R\u00e9servations Hotel les Glycines-V\u00e9zelay-01\"><img decoding=\"async\" width=\"1000\" height=\"505\" src=\"http:\/\/glycines.mnpreprod.com\/wp-content\/uploads\/2022\/02\/Reservations-Hotel-les-Glycines-Vezelay-01.jpg\" alt class=\"img-responsive wp-image-1189\" srcset=\"https:\/\/www.vezelay-glycines.com\/wp-content\/uploads\/2022\/02\/Reservations-Hotel-les-Glycines-Vezelay-01-200x101.jpg 200w, https:\/\/www.vezelay-glycines.com\/wp-content\/uploads\/2022\/02\/Reservations-Hotel-les-Glycines-Vezelay-01-400x202.jpg 400w, https:\/\/www.vezelay-glycines.com\/wp-content\/uploads\/2022\/02\/Reservations-Hotel-les-Glycines-Vezelay-01-600x303.jpg 600w, https:\/\/www.vezelay-glycines.com\/wp-content\/uploads\/2022\/02\/Reservations-Hotel-les-Glycines-Vezelay-01-800x404.jpg 800w, https:\/\/www.vezelay-glycines.com\/wp-content\/uploads\/2022\/02\/Reservations-Hotel-les-Glycines-Vezelay-01.jpg 1000w\" sizes=\"(max-width: 640px) 100vw, 1000px\" \/><\/a><\/span><\/div><div class=\"fusion-separator fusion-full-width-sep\" style=\"align-self: center;margin-left: auto;margin-right: auto;margin-top:20px;width:100%;\"><\/div><div class=\"fusion-text fusion-text-4\"><h2 class=\"intro-msg\">Buchen Sie Ihr Zimmer mit 3 Klicks!<\/h2>\n<ol>\n<li class=\"intro-msg\">Geben Sie zuerst Ihre An- und Abreisedaten f\u00fcr das Hotel an.<\/li>\n<li class=\"intro-msg\">Geben Sie im Anschluss die Anzahl der Personen an, die das Zimmer bewohnen werden.<\/li>\n<li class=\"intro-msg\">Abschlie\u00dfend klicken Sie auf die Schaltfl\u00e4che \u201eSuchen\u201c, um die in dem angegebenen Zeitraum verf\u00fcgbaren Zimmer zu finden, die Preise zu ermitteln und Ihre Buchung mit einer Online-Zahlung zu best\u00e4tigen.<\/li>\n<li class=\"intro-msg\">Und wenn Sie mehrere Zimmer buchen m\u00f6chten: Klicken Sie einfach auf den Link \u201eZimmer hinzuf\u00fcgen\u201c und befolgen Sie die oben beschriebenen Schritte.<\/li>\n<\/ol>\n<p>Das Hotel Les Glycines akzeptiert Haustiere. Den Preis finden Sie auf der Buchungsplattform. Wenn Sie direkt auf unserer Website buchen, geben Sie dies zum Zeitpunkt Ihrer Reservierung an<\/p>\n<p>Wenn Sie die Buchungsbest\u00e4tigung von unserer Partnerplattform erhalten, vergessen Sie nicht, sie bis zum Ende zu lesen, sie wird von einer Karte mit den Parkpl\u00e4tzen in V\u00e9zelay begleitet.<\/p>\n<p>Das Hotelteam w\u00fcnscht Ihnen einen angenehmen Aufenthalt!<\/p>\n<\/div><div class=\"fusion-separator fusion-full-width-sep\" style=\"align-self: center;margin-left: auto;margin-right: auto;margin-top:10px;width:100%;\"><\/div><div class=\"fusion-text fusion-text-5\"><h2 class=\"intro-msg\">Wenn Sie sp\u00e4t anreisen, reservieren Sie Ihre kalte Platte* im H\u00f4tel Les Glycines unter <strong>+33 (0)3 86 47 29 81<\/strong><\/h2>\n<h3 class=\"intro-msg\"><em>*Bei sp\u00e4ter Anreise k\u00f6nnen Sie bis 48 Stunden vor Ankunft einen leckeren kalten Teller (K\u00e4seteller, Fleisch-Aufschnitt, oder gemischt ) bestellen. <span class=\"Y2IQFc\" lang=\"de\">Ihr Preis betr\u00e4gt 18,50 \u20ac. <\/span>Wir bedanken uns f\u00fcr Ihre Bestellung.<\/em><\/h3>\n<\/div><\/div><\/div><\/div><\/div><div class=\"fusion-fullwidth fullwidth-box fusion-builder-row-4 fusion-flex-container nonhundred-percent-fullwidth non-hundred-percent-height-scrolling\" style=\"--awb-border-radius-top-left:0px;--awb-border-radius-top-right:0px;--awb-border-radius-bottom-right:0px;--awb-border-radius-bottom-left:0px;\" ><div class=\"fusion-builder-row fusion-row fusion-flex-align-items-flex-start\" style=\"max-width:1248px;margin-left: calc(-4% \/ 2 );margin-right: calc(-4% \/ 2 );\"><div class=\"fusion-layout-column fusion_builder_column fusion-builder-column-3 fusion_builder_column_1_1 1_1 fusion-flex-column\" style=\"--awb-bg-size:cover;--awb-width-large:100%;--awb-margin-top-large:0px;--awb-spacing-right-large:1.92%;--awb-margin-bottom-large:20px;--awb-spacing-left-large:1.92%;--awb-width-medium:100%;--awb-order-medium:0;--awb-spacing-right-medium:1.92%;--awb-spacing-left-medium:1.92%;--awb-width-small:100%;--awb-order-small:0;--awb-spacing-right-small:1.92%;--awb-spacing-left-small:1.92%;\"><div class=\"fusion-column-wrapper fusion-column-has-shadow fusion-flex-justify-content-flex-start fusion-content-layout-column\"><div class=\"fusion-title title fusion-title-2 fusion-sep-none fusion-title-text fusion-title-size-two\"><h2 class=\"title-heading-left\" style=\"margin:0;\"><h3 style=\"text-align: left;\"><span style=\"color: #ae6aca;\"><strong> Bei telefonischer Reservierung unter 33 (0)3 86 47 29 81,<br \/>\noder per E-Mail unter <a href=\"mailto:reservations@vezelay-glycines.com\">reservations@vezelay-glycines.com<\/a> profitieren Sie von:<\/strong><\/span><br \/>\n<span style=\"color: #ae6aca;\"><strong>\u2022 G\u00fcnstigster Tarif: ca. 5 % Rabatt im Vergleich zu den Websites, auf denen unsere Hotels gelistet sind<br \/>\n\u2022 Flexiblere Stornierungsbedingungen: kostenlose Stornierung oder \u00c4nderung bis zum Tag vor Ihrer Anreise<\/strong><\/span><\/h3><\/h2><\/div><\/div><\/div><\/div><\/div>\n<\/p>\n","protected":false},"excerpt":{"rendered":"","protected":false},"author":1,"featured_media":0,"parent":0,"menu_order":0,"comment_status":"closed","ping_status":"closed","template":"","meta":{"footnotes":""},"class_list":["post-1733","page","type-page","status-publish","hentry"],"_links":{"self":[{"href":"https:\/\/www.vezelay-glycines.com\/de\/wp-json\/wp\/v2\/pages\/1733","targetHints":{"allow":["GET"]}}],"collection":[{"href":"https:\/\/www.vezelay-glycines.com\/de\/wp-json\/wp\/v2\/pages"}],"about":[{"href":"https:\/\/www.vezelay-glycines.com\/de\/wp-json\/wp\/v2\/types\/page"}],"author":[{"embeddable":true,"href":"https:\/\/www.vezelay-glycines.com\/de\/wp-json\/wp\/v2\/users\/1"}],"replies":[{"embeddable":true,"href":"https:\/\/www.vezelay-glycines.com\/de\/wp-json\/wp\/v2\/comments?post=1733"}],"version-history":[{"count":17,"href":"https:\/\/www.vezelay-glycines.com\/de\/wp-json\/wp\/v2\/pages\/1733\/revisions"}],"predecessor-version":[{"id":2605,"href":"https:\/\/www.vezelay-glycines.com\/de\/wp-json\/wp\/v2\/pages\/1733\/revisions\/2605"}],"wp:attachment":[{"href":"https:\/\/www.vezelay-glycines.com\/de\/wp-json\/wp\/v2\/media?parent=1733"}],"curies":[{"name":"wp","href":"https:\/\/api.w.org\/{rel}","templated":true}]}}