{"id":1804,"date":"2022-02-05T04:43:00","date_gmt":"2022-02-05T04:43:00","guid":{"rendered":"https:\/\/www.vezelay-glycines.com\/rechtliche-hinweise"},"modified":"2022-04-19T14:10:28","modified_gmt":"2022-04-19T14:10:28","slug":"rechtliche-hinweise","status":"publish","type":"page","link":"https:\/\/www.vezelay-glycines.com\/de\/rechtliche-hinweise","title":{"rendered":"RECHTLICHE HINWEISE"},"content":{"rendered":"<p><div class=\"fusion-fullwidth fullwidth-box fusion-builder-row-1 fusion-flex-container hundred-percent-fullwidth non-hundred-percent-height-scrolling\" style=\"--awb-border-radius-top-left:0px;--awb-border-radius-top-right:0px;--awb-border-radius-bottom-right:0px;--awb-border-radius-bottom-left:0px;--awb-overflow:visible;\" ><div class=\"fusion-builder-row fusion-row fusion-flex-align-items-flex-start\" style=\"width:104% !important;max-width:104% !important;margin-left: calc(-4% \/ 2 );margin-right: calc(-4% \/ 2 );\"><div class=\"fusion-layout-column fusion_builder_column fusion-builder-column-0 fusion_builder_column_1_1 1_1 fusion-flex-column\" style=\"--awb-bg-size:cover;--awb-width-large:100%;--awb-margin-top-large:0px;--awb-spacing-right-large:2.88%;--awb-margin-bottom-large:20px;--awb-spacing-left-large:1.92%;--awb-width-medium:100%;--awb-spacing-right-medium:2.88%;--awb-spacing-left-medium:1.92%;--awb-width-small:100%;--awb-spacing-right-small:1.92%;--awb-spacing-left-small:1.92%;\"><div class=\"fusion-column-wrapper fusion-flex-justify-content-flex-start fusion-content-layout-column\"><div class=\"fusion-title title fusion-title-1 fusion-sep-none fusion-title-text fusion-title-size-one\"><h1 class=\"title-heading-left\" style=\"margin:0;\">RECHTLICHE HINWEISE<\/h1><\/div><\/div><\/div><\/div><\/div><div class=\"fusion-fullwidth fullwidth-box fusion-builder-row-2 fusion-flex-container hundred-percent-fullwidth non-hundred-percent-height-scrolling\" style=\"--awb-border-radius-top-left:0px;--awb-border-radius-top-right:0px;--awb-border-radius-bottom-right:0px;--awb-border-radius-bottom-left:0px;--awb-overflow:visible;\" ><div class=\"fusion-builder-row fusion-row fusion-flex-align-items-stretch\" style=\"width:104% !important;max-width:104% !important;margin-left: calc(-4% \/ 2 );margin-right: calc(-4% \/ 2 );\"><div class=\"fusion-layout-column fusion_builder_column fusion-builder-column-1 fusion_builder_column_1_1 1_1 fusion-flex-column fusion-flex-align-self-stretch\" style=\"--awb-padding-right:20px;--awb-padding-left:20px;--awb-bg-color:#f7f7f7;--awb-bg-color-hover:#f7f7f7;--awb-bg-size:cover;--awb-border-color:#f7f7f7;--awb-border-top:10px;--awb-border-right:10px;--awb-border-bottom:10px;--awb-border-left:10px;--awb-border-style:solid;--awb-width-large:100%;--awb-margin-top-large:0px;--awb-spacing-right-large:1.92%;--awb-margin-bottom-large:20px;--awb-spacing-left-large:1.92%;--awb-width-medium:100%;--awb-order-medium:0;--awb-spacing-right-medium:1.92%;--awb-spacing-left-medium:1.92%;--awb-width-small:100%;--awb-order-small:0;--awb-spacing-right-small:1.92%;--awb-spacing-left-small:1.92%;\"><div class=\"fusion-column-wrapper fusion-column-has-shadow fusion-flex-justify-content-flex-start fusion-content-layout-column\"><div class=\"fusion-text fusion-text-1\"><p><strong>Seite<\/strong> : www.vezelay-glycines.com<br \/>\n<strong>Kontakt<\/strong> : reservations@vezelay-glycines.com<br \/>\n<strong>Zweck der Seite:<\/strong> Vorstellung der Dienstleistungen des Hotels Les Glycines in V\u00e9zelay.<br \/>\n<strong>Rechtliche Verantwortung<\/strong> : Urs M. Oberer &#8211; UMO SAS 33 Rue Saint-Pierre 89450 V\u00e9zelay<br \/>\nNum\u00e9ro SIRET (si\u00e8ge) 90828032400017 &#8211; TVA intracommunautaire : FR16908280324<br \/>\n<strong>Redaktionelle Verantwortunl<\/strong> : Urs M. Oberer<br \/>\n<strong>Web-Design<\/strong> : Mati\u00e8re Noire 20 rue du P\u00e2tis 89130 Toucy<br \/>\n<strong>Hosting:<\/strong> IONOS \u2013 1&amp;1 SARL<br \/>\n<strong>Online-Schaltung der Website<\/strong>: 15 03 2022<br \/>\n<strong>Redaktionelle Verantwortung<\/strong>: Mati\u00e8re Noire<br \/>\n<strong>Bildnachweise<\/strong> : Mati\u00e8re Noire\u00a9 pour UMO SAS<\/p>\n<p><strong>Informatique et Libert\u00e9s<\/strong><br \/>\nGem\u00e4\u00df dem Gesetz Nr. 78-17 vom 6. Januar 1978 \u00fcber Datenverarbeitung, Dateien und Freiheiten waren diese Website und die von dieser Website aus durchgef\u00fchrte automatisierte Verarbeitung personenbezogener Daten Gegenstand von Erkl\u00e4rungen bei der CNIL.<br \/>\nDer Benutzer dieser Website wird dar\u00fcber informiert, dass die Daten, die er auf dem Formular der Website mitteilt, zur Beantwortung seiner Anfrage erforderlich sind und f\u00fcr das Hotel Les Glycines (UMO SAS), das f\u00fcr die Behandlung verantwortlich ist, nur f\u00fcr die administrative und kommerzielle Verwaltung bestimmt sind Zwecke.<br \/>\nSie haben das Recht auf Zugang, \u00c4nderung, Berichtigung und L\u00f6schung der Sie betreffenden Daten (Art. 34 des Gesetzes \u201eInformatique et Libert\u00e9s\u201c). Um von diesem Recht Gebrauch zu machen, senden Sie eine E-Mail an folgende Adresse: reservations@vezelay-glycines.com.<\/p>\n<p><strong>Eigentum<\/strong><br \/>\nDie Website und die darin enthaltenen Informationen sind durch das franz\u00f6sische Gesetz zum Schutz des geistigen Eigentums und durch internationale Abkommen gesch\u00fctzt. In Anwendung des Gesetzes vom 6. Januar 1978 \u00fcber Datenverarbeitung, Dateien und Freiheiten haben Sie das Recht auf Zugang, \u00c4nderung, Berichtigung und L\u00f6schung der Sie betreffenden Daten (Art. 34 des Gesetzes \u201eInformatique et Libert\u00e9s\u201c). Um dieses Recht auszu\u00fcben, senden Sie einen Brief an die folgende Adresse: UMO SAS 33 Rue Saint-Pierre 89450 V\u00e9zelay &#8211; Frankreich.<br \/>\nDiese Website, ihre redaktionellen Inhalte und Fotos sind ausschlie\u00dfliches Eigentum des Hotel Les Glycines (UMO SAS). Die Website und die darin enthaltenen Informationen d\u00fcrfen ohne vorherige schriftliche Genehmigung der Rechteinhaber nicht vervielf\u00e4ltigt, neu ver\u00f6ffentlicht, transkribiert, ge\u00e4ndert oder weiter \u00fcbertragen werden (dies betrifft nicht die Nutzung im Familienkreis oder den privaten Gebrauch).<\/p>\n<p>Die Marke \u201eH\u00f4tel Les Glycines Comme chez vous\u201c und das Logo, die auf dieser Website erscheinen, sind Eigentum von UMO SAS. Sie d\u00fcrfen nicht ohne die vorherige schriftliche Zustimmung des Markeninhabers unter Androhung einer Verletzung verwendet werden. Alle auf dieser Website enthaltenen Informationen k\u00f6nnen heruntergeladen, vervielf\u00e4ltigt und gedruckt werden, sofern diese Informationen nur f\u00fcr pers\u00f6nliche oder private Zwecke und in keiner Weise f\u00fcr kommerzielle Zwecke verwendet werden. Jede andere Nutzung oder vollst\u00e4ndige oder teilweise Darstellung dieser Website, auf welche Weise auch immer, ohne ausdr\u00fcckliche Genehmigung, ist daher ohne die vorherige schriftliche Genehmigung von UMO SAS strengstens untersagt und stellt eine Verletzung dar, die nach den Artikeln L 355-2 und folgenden des geistigen Eigentums strafbar ist Code.<\/p>\n<\/div><\/div><\/div><\/div><\/div><\/p>\n","protected":false},"excerpt":{"rendered":"","protected":false},"author":1,"featured_media":0,"parent":0,"menu_order":0,"comment_status":"closed","ping_status":"closed","template":"","meta":{"footnotes":""},"class_list":["post-1804","page","type-page","status-publish","hentry"],"_links":{"self":[{"href":"https:\/\/www.vezelay-glycines.com\/de\/wp-json\/wp\/v2\/pages\/1804","targetHints":{"allow":["GET"]}}],"collection":[{"href":"https:\/\/www.vezelay-glycines.com\/de\/wp-json\/wp\/v2\/pages"}],"about":[{"href":"https:\/\/www.vezelay-glycines.com\/de\/wp-json\/wp\/v2\/types\/page"}],"author":[{"embeddable":true,"href":"https:\/\/www.vezelay-glycines.com\/de\/wp-json\/wp\/v2\/users\/1"}],"replies":[{"embeddable":true,"href":"https:\/\/www.vezelay-glycines.com\/de\/wp-json\/wp\/v2\/comments?post=1804"}],"version-history":[{"count":5,"href":"https:\/\/www.vezelay-glycines.com\/de\/wp-json\/wp\/v2\/pages\/1804\/revisions"}],"predecessor-version":[{"id":1809,"href":"https:\/\/www.vezelay-glycines.com\/de\/wp-json\/wp\/v2\/pages\/1804\/revisions\/1809"}],"wp:attachment":[{"href":"https:\/\/www.vezelay-glycines.com\/de\/wp-json\/wp\/v2\/media?parent=1804"}],"curies":[{"name":"wp","href":"https:\/\/api.w.org\/{rel}","templated":true}]}}