{"id":1814,"date":"2022-02-05T04:51:56","date_gmt":"2022-02-05T04:51:56","guid":{"rendered":"https:\/\/www.vezelay-glycines.com\/dsgvo"},"modified":"2022-04-19T15:22:17","modified_gmt":"2022-04-19T15:22:17","slug":"dsgvo","status":"publish","type":"page","link":"https:\/\/www.vezelay-glycines.com\/de\/dsgvo","title":{"rendered":"DSGVO"},"content":{"rendered":"<p><div class=\"fusion-fullwidth fullwidth-box fusion-builder-row-1 fusion-flex-container hundred-percent-fullwidth non-hundred-percent-height-scrolling\" style=\"--awb-border-radius-top-left:0px;--awb-border-radius-top-right:0px;--awb-border-radius-bottom-right:0px;--awb-border-radius-bottom-left:0px;--awb-overflow:visible;\" ><div class=\"fusion-builder-row fusion-row fusion-flex-align-items-flex-start\" style=\"width:104% !important;max-width:104% !important;margin-left: calc(-4% \/ 2 );margin-right: calc(-4% \/ 2 );\"><div class=\"fusion-layout-column fusion_builder_column fusion-builder-column-0 fusion_builder_column_1_1 1_1 fusion-flex-column\" style=\"--awb-bg-size:cover;--awb-width-large:100%;--awb-margin-top-large:0px;--awb-spacing-right-large:2.88%;--awb-margin-bottom-large:20px;--awb-spacing-left-large:1.92%;--awb-width-medium:100%;--awb-spacing-right-medium:2.88%;--awb-spacing-left-medium:1.92%;--awb-width-small:100%;--awb-spacing-right-small:1.92%;--awb-spacing-left-small:1.92%;\"><div class=\"fusion-column-wrapper fusion-flex-justify-content-flex-start fusion-content-layout-column\"><div class=\"fusion-title title fusion-title-1 fusion-sep-none fusion-title-text fusion-title-size-one\"><h1 class=\"title-heading-left\" style=\"margin:0;\">Datenschutz- und Cookie-Richtlinie<\/h1><\/div><\/div><\/div><\/div><\/div><div class=\"fusion-fullwidth fullwidth-box fusion-builder-row-2 fusion-flex-container hundred-percent-fullwidth non-hundred-percent-height-scrolling\" style=\"--awb-border-radius-top-left:0px;--awb-border-radius-top-right:0px;--awb-border-radius-bottom-right:0px;--awb-border-radius-bottom-left:0px;--awb-overflow:visible;\" ><div class=\"fusion-builder-row fusion-row fusion-flex-align-items-stretch\" style=\"width:104% !important;max-width:104% !important;margin-left: calc(-4% \/ 2 );margin-right: calc(-4% \/ 2 );\"><div class=\"fusion-layout-column fusion_builder_column fusion-builder-column-1 fusion_builder_column_1_1 1_1 fusion-flex-column fusion-flex-align-self-stretch\" style=\"--awb-padding-right:20px;--awb-padding-left:20px;--awb-bg-color:#f7f7f7;--awb-bg-color-hover:#f7f7f7;--awb-bg-size:cover;--awb-border-color:#f7f7f7;--awb-border-top:10px;--awb-border-right:10px;--awb-border-bottom:10px;--awb-border-left:10px;--awb-border-style:solid;--awb-width-large:100%;--awb-margin-top-large:0px;--awb-spacing-right-large:1.92%;--awb-margin-bottom-large:20px;--awb-spacing-left-large:1.92%;--awb-width-medium:100%;--awb-order-medium:0;--awb-spacing-right-medium:1.92%;--awb-spacing-left-medium:1.92%;--awb-width-small:100%;--awb-order-small:0;--awb-spacing-right-small:1.92%;--awb-spacing-left-small:1.92%;\"><div class=\"fusion-column-wrapper fusion-column-has-shadow fusion-flex-justify-content-flex-start fusion-content-layout-column\"><div class=\"fusion-text fusion-text-1\"><p><strong>I. DSGVO &#8211; Datenschutz-Grundverordnung<br \/>\n<\/strong><\/p>\n<p><strong>1. Welche Informationen sammeln wir?<br \/>\n<\/strong>Daten aus Formularen: Die Website www.vezelay-glycines.com sammelt auf Grundlage Ihrer Zustimmung Formulareingabedaten, die zum technischen Support im Zusammenhang mit dem Management von Kundenanfragen und\/oder Newsletter-Anmeldungen sicher gespeichert werden.<br \/>\nAlle Informationen, die \u00fcber das Formular auf der Website www.vezelay-glycines.com gesammelt werden, werden bei UMO SAS gelistet.<br \/>\nInternetnutzer, die unsere Formulare verwendet haben, k\u00f6nnen jederzeit die L\u00f6schung dieser Informationen verlangen.<br \/>\nDie folgenden Informationen k\u00f6nnen \u00fcber unser Kontaktformular erfasst werden:<br \/>\nKontaktformular H\u00f4tel Les Glycines: Name, Vorname, E-Mail, Betreff und alle anderen pers\u00f6nlich identifizierbaren Informationen, die Sie in das Feld \u201eIhre Nachricht\u201c eingeben.<br \/>\nDiese Daten werden so lange gespeichert, wie es notwendig ist, um den von Ihnen gew\u00fcnschten Service zu erbringen (Kontakt, Anfrage, etc.). Nach Erhalt Ihres Formulars werden Ihre Daten gespeichert, aber zu keinem anderen Zweck verarbeitet.<br \/>\nWenn Sie Ihre Daten l\u00f6schen oder \u00e4ndern m\u00f6chten, kontaktieren Sie uns bitte unter: reservations@vezelay-glycines.com<\/p>\n<p><strong>2. Schutz personenbezogener Daten<\/strong><\/p>\n<p><strong>2.1. Zugangsdaten<br \/>\n<\/strong>Sie k\u00f6nnen die Informationen, die zu Ihrer E-Mail-Adresse f\u00fcr die Kontaktaufnahme oder Serviceanmeldung geh\u00f6ren, jederzeit anfordern. Wenden Sie sich bitte f\u00fcr alle Anfragen an: reservations@vezelay-glycines.com<\/p>\n<p><strong>2.2. Datenberichtigung<\/strong><br \/>\nSie k\u00f6nnen die Informationen, die zu Ihrer E-Mail-Adresse f\u00fcr die Kontaktaufnahme oder Serviceanmeldung geh\u00f6ren, jederzeit berichtigen. Wenden Sie sich bitte f\u00fcr alle Anfragen an: reservations@vezelay-glycines.com<\/p>\n<p><strong>2.3. Datenl\u00f6schung<\/strong><br \/>\nSie k\u00f6nnen die Informationen, die zu Ihrer E-Mail-Adresse f\u00fcr die Kontaktaufnahme oder Serviceanmeldung geh\u00f6ren, jederzeit l\u00f6schen. Pour toute demande, veuillez contacter : reservations@vezelay-glycines.com<\/p>\n<p><strong>2.4. Abmelden <\/strong><br \/>\nSie k\u00f6nnen sich jederzeit von allen Newsletter-Abonnements abmelden. Bitte nutzen Sie zum Abmelden den folgenden Link: reservations@vezelay-glycines.com<\/p>\n<p><strong>Hinweis:<\/strong> Die Daten, die uns f\u00fcr eine Newsletter-Anmeldung vorgelegt werden, beschr\u00e4nken sich lediglich auf die E-Mail-Adresse, sind also nicht pers\u00f6nlich identifizierbar. Dies kann Ihre oben genannten Rechte oder unsere F\u00e4higkeit, eine Kopie Ihrer Daten zu erhalten, sie zu korrigieren oder zu l\u00f6schen, beeintr\u00e4chtigen, da es keine M\u00f6glichkeit gibt, Sie zuzuordnen.<\/p>\n<p><strong>2.5. Wie stellen wir sicher, dass Ihre Daten sicher sind?<br \/>\n<\/strong>UMO SAS h\u00e4lt Datenschutz f\u00fcr \u00e4u\u00dferst wichtig und stellt in diesem Rahmen sicher, dass die von ihr gesammelten Daten vor unbefugtem Zugriff, Ver\u00e4nderung, Offenlegung oder Zerst\u00f6rung gesch\u00fctzt sind.<\/p>\n<ul>\n<li>Alle Seiten der Website www.vezelay-glycines.com nutzen das \u201ehttps\u201c-Protokoll, um den Austausch mithilfe von SSL zu verschl\u00fcsseln.<\/li>\n<li>Wir \u00fcberpr\u00fcfen regelm\u00e4\u00dfig unsere Praktiken zur Datenerhebung, -speicherung und -verarbeitung, einschlie\u00dflich physischer und elektronischer Sicherheitsma\u00dfnahmen.<\/li>\n<li>Wir beschr\u00e4nken den Zugriff auf Ihre personenbezogenen Daten nur auf Mitarbeiter von UMO SAS, die den Zugriff ben\u00f6tigen, um die angeforderten Dienstleistungen zu erbringen.<\/li>\n<li>Alle unsere Mitarbeiter unterliegen strengen Vertraulichkeits- und Geheimhaltungsverpflichtungen, deren Verletzung zur K\u00fcndigung und\/oder Haftbarmachung f\u00fchren kann.<\/li>\n<\/ul>\n<p><strong>2.6. Subunternehmer<\/strong><br \/>\nWenn Sie ein Formular auf unserer Website ausf\u00fcllen, werden die Daten direkt auf unseren Hosting-Server der Firma IONOS \u00fcbertragen, der von unserer Webagentur Mati\u00e8re Noire verwaltet wird.<\/p>\n<p><strong>2.7. Fragen zu unseren bew\u00e4hrten Praktiken?<br \/>\n<\/strong>Wenn Sie keine Antwort auf Ihre Fragen zur Einhaltung der DSGVO-Richtlinien bei UMO SAS gefunden haben, kontaktieren Sie uns bitte unter der folgenden Adresse: contact@vezelay-glycines.com<\/p>\n<p><strong>2.8. Allgemeine Informationen zur DSGVO<br \/>\n<\/strong>UMO SAS bem\u00fcht sich, die Bestimmungen der DSGVO einzuhalten, und ermutigt Sie, dies ebenfalls zu tun. Um sich mit den Bestimmungen und \u00c4nderungen der DSGVO vertraut zu machen, empfehlen wir Ihnen, die Website der CNIL zu besuchen: <strong>www.cnil.fr\/professionnel<\/strong><\/p>\n<p><strong>Hinweis:<\/strong>Diese Seite \u2013 www.vezelay-glycines.com \u2013 dient nicht der Rechtsberatung. ihr einziger Zweck besteht darin, Sie \u00fcber unsere Einhaltung der Richtlinien der DSGVO zu informieren. Bei speziellen Bed\u00fcrfnissen, die Sie betreffen, empfehlen wir Ihnen, Ihren eigenen Rechtsberater zu konsultieren.<\/p>\n<p><strong><br \/>\nII. Cookies<\/strong><\/p>\n<p><strong>1.Datenschutz &amp; Cookies<br \/>\n<\/strong>Wenn Sie sich mit unserer Website verbinden, werden wahrscheinlich ein oder mehrere Cookies w\u00e4hrend ihrer gesetzlichen G\u00fcltigkeitsdauer auf Ihrem Endger\u00e4t installiert. Cookies sind Daten, die auf dem Computer, Tablet oder Smartphone eines Internetnutzers gespeichert und von der \u00fcbermittelnden Seite verwendet werden, um Informationen an den Browser des Internetnutzers zu senden, wodurch dieser Informationen an die \u00fcbermittelnde Seite zur\u00fccksenden kann. Gem\u00e4\u00df der in Frankreich geltenden Gesetzgebung m\u00fcssen wir Sie \u00fcber den Zweck dieser Cookies, die Einholung Ihrer Einwilligung vor deren Hinterlegung und die Mittel zu deren Widerspruch informieren, bevor Sie auf unserer Website navigieren. .<\/p>\n<p><strong>2. Cookies werden verwendet, um<br \/>\n<\/strong> &#8211; den Verkehr auf unserer Website zu analysieren (Google Analytics).<br \/>\n&#8211; Optimierung der Angebote, Dienste und\/oder Ergonomie unserer Seite<br \/>\n&#8211; Speichern von Informationen zu Kontaktformularen, Produkten oder Dienstleistungen, die Sie abonniert haben; usw. Auf unserer Seite werden keine Informationen zu Zahlungsmitteln gespeichert.<br \/>\nCookies von Drittanbietern werden jedoch wahrscheinlich zum Zeitpunkt der Buchung \u00fcber Buchungsplattformen (Thai, Booking oder Partnerseiten) oder beim Teilen \u00fcber unsere sozialen Netzwerke ausgegeben.<br \/>\nWir informieren Sie, dass die Ausgabe und Verwendung von Cookies durch Drittanbieter den Datenschutzrichtlinien (RGPD) dieser Drittanbieter unterliegt.<\/p>\n<p><strong>3. So l\u00f6schen Sie Cookies von Ihrem Computer oder Smartphone<br \/>\n<\/strong>Ihr Browser kann so konfiguriert werden, dass Cookies gespeichert werden oder nicht. Dies kann so konfiguriert werden, dass Ihnen von Zeit zu Zeit die Annahme oder Ablehnung von Cookies angeboten wird, bevor ein Cookie wahrscheinlich gespeichert wird.<br \/>\nWenn Sie die Registrierung von Cookies ablehnen oder l\u00f6schen, k\u00f6nnen Sie bestimmte Funktionen, die zum Surfen auf bestimmten Seiten unserer Website erforderlich sind, nicht mehr nutzen. Falls erforderlich, lehnen wir jegliche Verantwortung im Zusammenhang mit der eingeschr\u00e4nkten Funktion unserer Dienste ab. In Bezug auf die Aufzeichnung von Cookies auf Ihrem Computer, Smartphone oder Tablet werden diese, wenn Sie dies akzeptiert haben, w\u00e4hrend ihrer G\u00fcltigkeitsdauer vor\u00fcbergehend in einem speziellen Bereich auf Ihrem Endger\u00e4t gespeichert und sind nur f\u00fcr ihren Herausgeber lesbar.<\/p>\n<p><strong>Verwalten von Cookies \u00fcber das Men\u00fc \u201eHilfe\u201c Ihres Browsers<br \/>\n<\/strong>Internet Explorer\u2122 : <a href=\"https:\/\/windows.microsoft.com\/fr-FR\/windows-vista\/Block-or-allow-cookies\">https:\/\/windows.microsoft.com\/fr-FR\/windows-vista\/Block-or-allow-cookies<\/a>,<br \/>\nSafari\u2122 : <a href=\"https:\/\/docs.info.apple.com\/article.html?path=Safari\/3.0\/fr\/9277.html\">https:\/\/docs.info.apple.com\/article.html?path=Safari\/3.0\/fr\/9277.html<\/a>,<br \/>\nOpera\u2122 : <a href=\"https:\/\/help.opera.com\/Windows\/10.20\/fr\/cookies.html\">https:\/\/help.opera.com\/Windows\/10.20\/fr\/cookies.html<\/a><br \/>\nChrome\u2122 : <a href=\"https:\/\/support.google.com\/chrome\/bin\/answer.py?hl=fr&amp;hlrm=en&amp;answer=95647\">https:\/\/support.google.com\/chrome\/bin\/answer.py?hl=fr&amp;hlrm=en&amp;answer=95647<\/a>,<br \/>\nFirefox\u2122 : <a href=\"https:\/\/support.mozilla.org\/fr\/kb\/Activer%20et%20d%C3%A9sactiver%20les%20cookies\">https:\/\/support.mozilla.org\/fr\/kb\/Activer%20et%20d%C3%A9sactiver%20les%2&#8230;<\/a><\/p>\n<p><strong>Verwalten von Cookies auf Smartphones<br \/>\n<\/strong>Auf iOS\u2122 : <a href=\"https:\/\/support.apple.com\/fr-fr\/HT201265\">https:\/\/support.apple.com\/fr-fr\/HT201265<\/a><br \/>\nAuf Android\u2122 : <a href=\"https:\/\/support.google.com\/chrome\/topic\/3434352\">https:\/\/support.google.com\/chrome\/topic\/3434352<\/a><\/p>\n<p><strong>Verwaltung von Cookies in sozialen Netzwerken<br \/>\n<\/strong>Facebook\u2122 : <a href=\"https:\/\/www.facebook.com\/policies\/cookies\/\">https:\/\/www.facebook.com\/policies\/cookies\/<\/a><br \/>\nInstagram\u2122 : <a href=\"https:\/\/help.instagram.com\/1896641480634370?ref=ig\">https:\/\/help.instagram.com\/1896641480634370?ref=ig<\/a><\/p>\n<\/div><\/div><\/div><\/div><\/div><\/p>\n","protected":false},"excerpt":{"rendered":"","protected":false},"author":1,"featured_media":0,"parent":0,"menu_order":0,"comment_status":"closed","ping_status":"closed","template":"","meta":{"footnotes":""},"class_list":["post-1814","page","type-page","status-publish","hentry"],"_links":{"self":[{"href":"https:\/\/www.vezelay-glycines.com\/de\/wp-json\/wp\/v2\/pages\/1814","targetHints":{"allow":["GET"]}}],"collection":[{"href":"https:\/\/www.vezelay-glycines.com\/de\/wp-json\/wp\/v2\/pages"}],"about":[{"href":"https:\/\/www.vezelay-glycines.com\/de\/wp-json\/wp\/v2\/types\/page"}],"author":[{"embeddable":true,"href":"https:\/\/www.vezelay-glycines.com\/de\/wp-json\/wp\/v2\/users\/1"}],"replies":[{"embeddable":true,"href":"https:\/\/www.vezelay-glycines.com\/de\/wp-json\/wp\/v2\/comments?post=1814"}],"version-history":[{"count":3,"href":"https:\/\/www.vezelay-glycines.com\/de\/wp-json\/wp\/v2\/pages\/1814\/revisions"}],"predecessor-version":[{"id":1826,"href":"https:\/\/www.vezelay-glycines.com\/de\/wp-json\/wp\/v2\/pages\/1814\/revisions\/1826"}],"wp:attachment":[{"href":"https:\/\/www.vezelay-glycines.com\/de\/wp-json\/wp\/v2\/media?parent=1814"}],"curies":[{"name":"wp","href":"https:\/\/api.w.org\/{rel}","templated":true}]}}